{"id":9,"date":"2014-06-13T11:03:41","date_gmt":"2014-06-13T11:03:41","guid":{"rendered":"http:\/\/demo.swebdesignstudio.com\/themes\/lex\/?page_id=9"},"modified":"2025-08-13T02:06:11","modified_gmt":"2025-08-13T02:06:11","slug":"estudio-de-abogados-penal-lima-abogado-penalista","status":"publish","type":"page","link":"https:\/\/vasquezabogados.com\/estudio\/","title":{"rendered":"HOME"},"content":{"rendered":"<section class=\"light\"><div class=\"container\"><div class=\"row\"><div class=\"col-md-12\"><p>CAMINA EN LA SOLUCION CON NUESTRO EQUIPO<br \/>\nHemos \u00a0consolidado nuestra experiencia como abogados penalistas en Lima, ofreciendo defensa penal empresarial y asesor\u00eda a personas naturales, y adem\u00e1s hemos ampliado nuestras capacidades en otras \u00e1reas del derecho para entregar soluciones integrales a nuestros clientes.<\/p>\n<div class=\"col-md-12\"><\/div><hr class=\"divider\">\n<\/div><\/div><div class=\"col-md-4\"><p>\u00a0Organizaci\u00f3n<\/p>\n<p>Somos un estudio de abogados en Lima que desde 1992 dedica esfuerzos a resolver fundamentalmente problemas de derecho penal empresarial .<\/p>\n<p>La confianza de nuestros clientes ha hecho que hoy\u00a0nuestros servicios se extiendan a la asesor\u00eda en \u00a0derecho societario, derecho laboral ,derecho civil, derecho en familia\u00a0y otros<\/p>\n<\/div><div class=\"col-md-4\"><p>Servicio<\/p>\n<p>Nos esforzamos por dar soluciones permanentes.\u00a0Cada tema a resolver es una constante creaci\u00f3n en\u00a0b\u00fasqueda de una soluci\u00f3n a la medida de las necesidades\u00a0de nuestros clientes.<\/p>\n<p>Desarrollamos fundamentalmente una labor preventiva\u00a0evitando procesos judiciales, pero cuando debamos enfrentarlos, lo hacemos decididamente en\u00a0beneficio de nuestros clientes.<\/p>\n<\/div><div class=\"col-md-4\"><p>\u00a0Alianzas<\/p>\n<p>Somos miembros de Peruvian Legal Network,\u00a0un consorcio de estudios jur\u00eddicos especializados\u00a0que nos permite un mayor campo de acci\u00f3n a favor de nuestros clientes.<\/p>\n<p>Contamos con convenios de cooperaci\u00f3n con equipos\u00a0profesionales en investigaci\u00f3n y peritajes<\/p>\n<\/div><div class=\"row\"><\/div><div class=\"col-md-12\"><a href=\"https:\/\/vasquezabogados.com\/estudio\/grid\/\" class=\"btn btn-default button-dark \"> MAS SOBRE NOSOTROS <\/a>\n<\/div><\/div><\/section>\n","protected":false},"excerpt":{"rendered":"","protected":false},"author":1,"featured_media":0,"parent":0,"menu_order":0,"comment_status":"closed","ping_status":"closed","template":"page-tpl_home.php","meta":{"footnotes":""},"class_list":["post-9","page","type-page","status-publish","hentry"],"yoast_head":"<!-- This site is optimized with the Yoast SEO plugin v27.5 - https:\/\/yoast.com\/product\/yoast-seo-wordpress\/ -->\n<title>Vasquez I Tafur Abogados &#8211; Sociedad Civil - Abogados Lima<\/title>\n<meta name=\"description\" content=\"Vasquez Abogados: estudio de abogados penalistas en Lima, defensa penal empresarial, derecho civil, familia, soluciones integrales\" \/>\n<meta name=\"robots\" content=\"index, follow, max-snippet:-1, max-image-preview:large, max-video-preview:-1\" \/>\n<link rel=\"canonical\" href=\"https:\/\/vasquezabogados.com\/estudio\/\" \/>\n<meta property=\"og:locale\" content=\"es_ES\" \/>\n<meta property=\"og:type\" content=\"article\" \/>\n<meta property=\"og:title\" content=\"Vasquez I Tafur Abogados &#8211; Sociedad Civil - Abogados Lima\" \/>\n<meta property=\"og:description\" content=\"Vasquez Abogados: estudio de abogados penalistas en Lima, defensa penal empresarial, derecho civil, familia, soluciones integrales\" \/>\n<meta property=\"og:url\" content=\"https:\/\/vasquezabogados.com\/estudio\/\" \/>\n<meta property=\"og:site_name\" content=\"Vasquez I Tafur Abogados\" \/>\n<meta property=\"article:publisher\" content=\"https:\/\/www.facebook.com\/VASQUEZ-TAFUR-Abogados-244262572262476\" \/>\n<meta property=\"article:modified_time\" content=\"2025-08-13T02:06:11+00:00\" \/>\n<meta name=\"twitter:card\" content=\"summary_large_image\" \/>\n<meta name=\"twitter:label1\" content=\"Tiempo de lectura\" \/>\n\t<meta name=\"twitter:data1\" content=\"1 minuto\" \/>\n<script type=\"application\/ld+json\" class=\"yoast-schema-graph\">{\"@context\":\"https:\\\/\\\/schema.org\",\"@graph\":[{\"@type\":\"WebPage\",\"@id\":\"https:\\\/\\\/vasquezabogados.com\\\/estudio\\\/\",\"url\":\"https:\\\/\\\/vasquezabogados.com\\\/estudio\\\/\",\"name\":\"Vasquez I Tafur Abogados &#8211; Sociedad Civil - Abogados Lima\",\"isPartOf\":{\"@id\":\"https:\\\/\\\/vasquezabogados.com\\\/estudio\\\/#website\"},\"datePublished\":\"2014-06-13T11:03:41+00:00\",\"dateModified\":\"2025-08-13T02:06:11+00:00\",\"description\":\"Vasquez Abogados: estudio de abogados penalistas en Lima, defensa penal empresarial, derecho civil, familia, soluciones integrales\",\"breadcrumb\":{\"@id\":\"https:\\\/\\\/vasquezabogados.com\\\/estudio\\\/#breadcrumb\"},\"inLanguage\":\"es\",\"potentialAction\":[{\"@type\":\"ReadAction\",\"target\":[\"https:\\\/\\\/vasquezabogados.com\\\/estudio\\\/\"]}]},{\"@type\":\"BreadcrumbList\",\"@id\":\"https:\\\/\\\/vasquezabogados.com\\\/estudio\\\/#breadcrumb\",\"itemListElement\":[{\"@type\":\"ListItem\",\"position\":1,\"name\":\"Portada\",\"item\":\"https:\\\/\\\/vasquezabogados.com\\\/estudio\\\/\"},{\"@type\":\"ListItem\",\"position\":2,\"name\":\"HOME\"}]},{\"@type\":\"WebSite\",\"@id\":\"https:\\\/\\\/vasquezabogados.com\\\/estudio\\\/#website\",\"url\":\"https:\\\/\\\/vasquezabogados.com\\\/estudio\\\/\",\"name\":\"Vasquez I Tafur Abogados\",\"description\":\"\",\"potentialAction\":[{\"@type\":\"SearchAction\",\"target\":{\"@type\":\"EntryPoint\",\"urlTemplate\":\"https:\\\/\\\/vasquezabogados.com\\\/estudio\\\/?s={search_term_string}\"},\"query-input\":{\"@type\":\"PropertyValueSpecification\",\"valueRequired\":true,\"valueName\":\"search_term_string\"}}],\"inLanguage\":\"es\"}]}<\/script>\n<!-- \/ Yoast SEO plugin. -->","yoast_head_json":{"title":"Vasquez I Tafur Abogados &#8211; Sociedad Civil - Abogados Lima","description":"Vasquez Abogados: estudio de abogados penalistas en Lima, defensa penal empresarial, derecho civil, familia, soluciones integrales","robots":{"index":"index","follow":"follow","max-snippet":"max-snippet:-1","max-image-preview":"max-image-preview:large","max-video-preview":"max-video-preview:-1"},"canonical":"https:\/\/vasquezabogados.com\/estudio\/","og_locale":"es_ES","og_type":"article","og_title":"Vasquez I Tafur Abogados &#8211; Sociedad Civil - Abogados Lima","og_description":"Vasquez Abogados: estudio de abogados penalistas en Lima, defensa penal empresarial, derecho civil, familia, soluciones integrales","og_url":"https:\/\/vasquezabogados.com\/estudio\/","og_site_name":"Vasquez I Tafur Abogados","article_publisher":"https:\/\/www.facebook.com\/VASQUEZ-TAFUR-Abogados-244262572262476","article_modified_time":"2025-08-13T02:06:11+00:00","twitter_card":"summary_large_image","twitter_misc":{"Tiempo de lectura":"1 minuto"},"schema":{"@context":"https:\/\/schema.org","@graph":[{"@type":"WebPage","@id":"https:\/\/vasquezabogados.com\/estudio\/","url":"https:\/\/vasquezabogados.com\/estudio\/","name":"Vasquez I Tafur Abogados &#8211; Sociedad Civil - Abogados Lima","isPartOf":{"@id":"https:\/\/vasquezabogados.com\/estudio\/#website"},"datePublished":"2014-06-13T11:03:41+00:00","dateModified":"2025-08-13T02:06:11+00:00","description":"Vasquez Abogados: estudio de abogados penalistas en Lima, defensa penal empresarial, derecho civil, familia, soluciones integrales","breadcrumb":{"@id":"https:\/\/vasquezabogados.com\/estudio\/#breadcrumb"},"inLanguage":"es","potentialAction":[{"@type":"ReadAction","target":["https:\/\/vasquezabogados.com\/estudio\/"]}]},{"@type":"BreadcrumbList","@id":"https:\/\/vasquezabogados.com\/estudio\/#breadcrumb","itemListElement":[{"@type":"ListItem","position":1,"name":"Portada","item":"https:\/\/vasquezabogados.com\/estudio\/"},{"@type":"ListItem","position":2,"name":"HOME"}]},{"@type":"WebSite","@id":"https:\/\/vasquezabogados.com\/estudio\/#website","url":"https:\/\/vasquezabogados.com\/estudio\/","name":"Vasquez I Tafur Abogados","description":"","potentialAction":[{"@type":"SearchAction","target":{"@type":"EntryPoint","urlTemplate":"https:\/\/vasquezabogados.com\/estudio\/?s={search_term_string}"},"query-input":{"@type":"PropertyValueSpecification","valueRequired":true,"valueName":"search_term_string"}}],"inLanguage":"es"}]}},"_links":{"self":[{"href":"https:\/\/vasquezabogados.com\/estudio\/wp-json\/wp\/v2\/pages\/9","targetHints":{"allow":["GET"]}}],"collection":[{"href":"https:\/\/vasquezabogados.com\/estudio\/wp-json\/wp\/v2\/pages"}],"about":[{"href":"https:\/\/vasquezabogados.com\/estudio\/wp-json\/wp\/v2\/types\/page"}],"author":[{"embeddable":true,"href":"https:\/\/vasquezabogados.com\/estudio\/wp-json\/wp\/v2\/users\/1"}],"replies":[{"embeddable":true,"href":"https:\/\/vasquezabogados.com\/estudio\/wp-json\/wp\/v2\/comments?post=9"}],"version-history":[{"count":79,"href":"https:\/\/vasquezabogados.com\/estudio\/wp-json\/wp\/v2\/pages\/9\/revisions"}],"predecessor-version":[{"id":1559,"href":"https:\/\/vasquezabogados.com\/estudio\/wp-json\/wp\/v2\/pages\/9\/revisions\/1559"}],"wp:attachment":[{"href":"https:\/\/vasquezabogados.com\/estudio\/wp-json\/wp\/v2\/media?parent=9"}],"curies":[{"name":"wp","href":"https:\/\/api.w.org\/{rel}","templated":true}]}}