{"id":251,"date":"2014-06-16T11:08:37","date_gmt":"2014-06-16T11:08:37","guid":{"rendered":"http:\/\/demo.swebdesignstudio.com\/themes\/lex\/?page_id=251"},"modified":"2016-04-29T04:48:10","modified_gmt":"2016-04-29T04:48:10","slug":"col-2-2","status":"publish","type":"page","link":"https:\/\/vasquezabogados.com\/estudio\/col-2-2\/","title":{"rendered":"\u00c1REAS DE PR\u00c1CTICA"},"content":{"rendered":"<h3>\u00c1REAS DE PR\u00c1CTICA<\/h3>\n","protected":false},"excerpt":{"rendered":"<p>\u00c1REAS DE PR\u00c1CTICA<\/p>\n","protected":false},"author":1,"featured_media":0,"parent":0,"menu_order":0,"comment_status":"closed","ping_status":"closed","template":"page-tpl_practice_area_2.php","meta":{"footnotes":""},"class_list":["post-251","page","type-page","status-publish","hentry"],"yoast_head":"<!-- This site is optimized with the Yoast SEO plugin v27.5 - https:\/\/yoast.com\/product\/yoast-seo-wordpress\/ -->\n<title>\u00c1REAS DE PR\u00c1CTICA &#8211; Vasquez I Tafur Abogados &#8211;<\/title>\n<meta name=\"robots\" content=\"index, follow, max-snippet:-1, max-image-preview:large, max-video-preview:-1\" \/>\n<link rel=\"canonical\" href=\"https:\/\/vasquezabogados.com\/estudio\/col-2-2\/\" \/>\n<meta property=\"og:locale\" content=\"es_ES\" \/>\n<meta property=\"og:type\" content=\"article\" \/>\n<meta property=\"og:title\" content=\"\u00c1REAS DE PR\u00c1CTICA &#8211; Vasquez I Tafur Abogados &#8211;\" \/>\n<meta property=\"og:description\" content=\"\u00c1REAS DE PR\u00c1CTICA\" \/>\n<meta property=\"og:url\" content=\"https:\/\/vasquezabogados.com\/estudio\/col-2-2\/\" \/>\n<meta property=\"og:site_name\" content=\"Vasquez I Tafur Abogados\" \/>\n<meta property=\"article:publisher\" content=\"https:\/\/www.facebook.com\/VASQUEZ-TAFUR-Abogados-244262572262476\" \/>\n<meta property=\"article:modified_time\" content=\"2016-04-29T04:48:10+00:00\" \/>\n<meta name=\"twitter:card\" content=\"summary_large_image\" \/>\n<script type=\"application\/ld+json\" class=\"yoast-schema-graph\">{\"@context\":\"https:\\\/\\\/schema.org\",\"@graph\":[{\"@type\":\"WebPage\",\"@id\":\"https:\\\/\\\/vasquezabogados.com\\\/estudio\\\/col-2-2\\\/\",\"url\":\"https:\\\/\\\/vasquezabogados.com\\\/estudio\\\/col-2-2\\\/\",\"name\":\"\u00c1REAS DE PR\u00c1CTICA &#8211; Vasquez I Tafur Abogados &#8211;\",\"isPartOf\":{\"@id\":\"https:\\\/\\\/vasquezabogados.com\\\/estudio\\\/#website\"},\"datePublished\":\"2014-06-16T11:08:37+00:00\",\"dateModified\":\"2016-04-29T04:48:10+00:00\",\"breadcrumb\":{\"@id\":\"https:\\\/\\\/vasquezabogados.com\\\/estudio\\\/col-2-2\\\/#breadcrumb\"},\"inLanguage\":\"es\",\"potentialAction\":[{\"@type\":\"ReadAction\",\"target\":[\"https:\\\/\\\/vasquezabogados.com\\\/estudio\\\/col-2-2\\\/\"]}]},{\"@type\":\"BreadcrumbList\",\"@id\":\"https:\\\/\\\/vasquezabogados.com\\\/estudio\\\/col-2-2\\\/#breadcrumb\",\"itemListElement\":[{\"@type\":\"ListItem\",\"position\":1,\"name\":\"Portada\",\"item\":\"https:\\\/\\\/vasquezabogados.com\\\/estudio\\\/\"},{\"@type\":\"ListItem\",\"position\":2,\"name\":\"\u00c1REAS DE PR\u00c1CTICA\"}]},{\"@type\":\"WebSite\",\"@id\":\"https:\\\/\\\/vasquezabogados.com\\\/estudio\\\/#website\",\"url\":\"https:\\\/\\\/vasquezabogados.com\\\/estudio\\\/\",\"name\":\"Vasquez I Tafur Abogados\",\"description\":\"\",\"potentialAction\":[{\"@type\":\"SearchAction\",\"target\":{\"@type\":\"EntryPoint\",\"urlTemplate\":\"https:\\\/\\\/vasquezabogados.com\\\/estudio\\\/?s={search_term_string}\"},\"query-input\":{\"@type\":\"PropertyValueSpecification\",\"valueRequired\":true,\"valueName\":\"search_term_string\"}}],\"inLanguage\":\"es\"}]}<\/script>\n<!-- \/ Yoast SEO plugin. -->","yoast_head_json":{"title":"\u00c1REAS DE PR\u00c1CTICA &#8211; Vasquez I Tafur Abogados &#8211;","robots":{"index":"index","follow":"follow","max-snippet":"max-snippet:-1","max-image-preview":"max-image-preview:large","max-video-preview":"max-video-preview:-1"},"canonical":"https:\/\/vasquezabogados.com\/estudio\/col-2-2\/","og_locale":"es_ES","og_type":"article","og_title":"\u00c1REAS DE PR\u00c1CTICA &#8211; Vasquez I Tafur Abogados &#8211;","og_description":"\u00c1REAS DE PR\u00c1CTICA","og_url":"https:\/\/vasquezabogados.com\/estudio\/col-2-2\/","og_site_name":"Vasquez I Tafur Abogados","article_publisher":"https:\/\/www.facebook.com\/VASQUEZ-TAFUR-Abogados-244262572262476","article_modified_time":"2016-04-29T04:48:10+00:00","twitter_card":"summary_large_image","schema":{"@context":"https:\/\/schema.org","@graph":[{"@type":"WebPage","@id":"https:\/\/vasquezabogados.com\/estudio\/col-2-2\/","url":"https:\/\/vasquezabogados.com\/estudio\/col-2-2\/","name":"\u00c1REAS DE PR\u00c1CTICA &#8211; Vasquez I Tafur Abogados &#8211;","isPartOf":{"@id":"https:\/\/vasquezabogados.com\/estudio\/#website"},"datePublished":"2014-06-16T11:08:37+00:00","dateModified":"2016-04-29T04:48:10+00:00","breadcrumb":{"@id":"https:\/\/vasquezabogados.com\/estudio\/col-2-2\/#breadcrumb"},"inLanguage":"es","potentialAction":[{"@type":"ReadAction","target":["https:\/\/vasquezabogados.com\/estudio\/col-2-2\/"]}]},{"@type":"BreadcrumbList","@id":"https:\/\/vasquezabogados.com\/estudio\/col-2-2\/#breadcrumb","itemListElement":[{"@type":"ListItem","position":1,"name":"Portada","item":"https:\/\/vasquezabogados.com\/estudio\/"},{"@type":"ListItem","position":2,"name":"\u00c1REAS DE PR\u00c1CTICA"}]},{"@type":"WebSite","@id":"https:\/\/vasquezabogados.com\/estudio\/#website","url":"https:\/\/vasquezabogados.com\/estudio\/","name":"Vasquez I Tafur Abogados","description":"","potentialAction":[{"@type":"SearchAction","target":{"@type":"EntryPoint","urlTemplate":"https:\/\/vasquezabogados.com\/estudio\/?s={search_term_string}"},"query-input":{"@type":"PropertyValueSpecification","valueRequired":true,"valueName":"search_term_string"}}],"inLanguage":"es"}]}},"_links":{"self":[{"href":"https:\/\/vasquezabogados.com\/estudio\/wp-json\/wp\/v2\/pages\/251","targetHints":{"allow":["GET"]}}],"collection":[{"href":"https:\/\/vasquezabogados.com\/estudio\/wp-json\/wp\/v2\/pages"}],"about":[{"href":"https:\/\/vasquezabogados.com\/estudio\/wp-json\/wp\/v2\/types\/page"}],"author":[{"embeddable":true,"href":"https:\/\/vasquezabogados.com\/estudio\/wp-json\/wp\/v2\/users\/1"}],"replies":[{"embeddable":true,"href":"https:\/\/vasquezabogados.com\/estudio\/wp-json\/wp\/v2\/comments?post=251"}],"version-history":[{"count":6,"href":"https:\/\/vasquezabogados.com\/estudio\/wp-json\/wp\/v2\/pages\/251\/revisions"}],"predecessor-version":[{"id":1321,"href":"https:\/\/vasquezabogados.com\/estudio\/wp-json\/wp\/v2\/pages\/251\/revisions\/1321"}],"wp:attachment":[{"href":"https:\/\/vasquezabogados.com\/estudio\/wp-json\/wp\/v2\/media?parent=251"}],"curies":[{"name":"wp","href":"https:\/\/api.w.org\/{rel}","templated":true}]}}