{"id":2,"date":"2016-03-26T08:33:57","date_gmt":"2016-03-26T08:33:57","guid":{"rendered":"http:\/\/vasquezabogados.com\/estudio\/?page_id=2"},"modified":"2016-04-08T04:32:46","modified_gmt":"2016-04-08T04:32:46","slug":"about","status":"publish","type":"page","link":"https:\/\/vasquezabogados.com\/estudio\/estudio-de-abogados-penal-lima-abogado-penalista\/about\/","title":{"rendered":"Clientes"},"content":{"rendered":"<p><strong><span lang=\"ES\">La lista muestra algunos de los clientes atendidos por nosotros<\/span><\/strong><\/p>\n<p>&nbsp;<\/p>\n<p>&nbsp;<\/p>\n<h3>SECTOR PRIVADO<\/h3>\n<p>&nbsp;<\/p>\n<div class=\"col-md-4\"><p> \u00a0AGA S.A. <img loading=\"lazy\" decoding=\"async\" src=\"https:\/\/vasquezabogados.com\/estudio\/wp-content\/themes\/vasquez-abogados\/images\/clientes\/01.jpg\" alt=\"\" width=\"278\" height=\"60\" \/><\/p>\n<\/div>\n<div class=\"col-md-4\"><p> Aliterm S.A <img loading=\"lazy\" decoding=\"async\" src=\"https:\/\/vasquezabogados.com\/estudio\/wp-content\/themes\/vasquez-abogados\/images\/clientes\/02.jpg\" alt=\"\" width=\"278\" height=\"60\" \/><\/p>\n<\/div>\n<div class=\"col-md-4\"><p> Asociaci\u00f3n Educativa Pit\u00e1goras <img loading=\"lazy\" decoding=\"async\" src=\"https:\/\/vasquezabogados.com\/estudio\/wp-content\/themes\/vasquez-abogados\/images\/clientes\/03.jpg\" alt=\"\" width=\"278\" height=\"60\" \/><\/p>\n<\/div>\n<hr class=\"divider\">\n<p>&nbsp;<\/p>\n<p style=\"text-align: center;\"><div class=\"col-md-4\"><p> ASPERSUD -Asociaci\u00f3n Peruana de la Iglesia de Jesucristo de los Santos de los \u00daltimos D\u00edas <img loading=\"lazy\" decoding=\"async\" class=\"alignnone\" src=\"https:\/\/vasquezabogados.com\/estudio\/wp-content\/themes\/vasquez-abogados\/images\/clientes\/04.jpg\" alt=\"\" width=\"278\" height=\"60\" \/><\/p>\n<\/div>\n<div class=\"col-md-4\"><p> COINSA. \u00a0 \u00a0 \u00a0 \u00a0\u00a0<img loading=\"lazy\" decoding=\"async\" src=\"https:\/\/vasquezabogados.com\/estudio\/wp-content\/themes\/vasquez-abogados\/images\/clientes\/07.jpg\" alt=\"\" width=\"278\" height=\"60\" \/><\/p>\n<\/div>\n<div class=\"col-md-4\"><p> Continental Airlines. <img loading=\"lazy\" decoding=\"async\" src=\"https:\/\/vasquezabogados.com\/estudio\/wp-content\/themes\/vasquez-abogados\/images\/clientes\/05.jpg\" alt=\"\" width=\"278\" height=\"60\" \/><\/p>\n<\/div>\n<hr class=\"divider\">\n<div class=\"col-md-4\"><p> Corcovado S.A. <img loading=\"lazy\" decoding=\"async\" src=\"https:\/\/vasquezabogados.com\/estudio\/wp-content\/themes\/vasquez-abogados\/images\/clientes\/06.jpg\" alt=\"\" width=\"278\" height=\"60\" \/><\/p>\n<\/div>\n<div class=\"col-md-4\"><p> Exanco S.A.<img loading=\"lazy\" decoding=\"async\" src=\"https:\/\/vasquezabogados.com\/estudio\/wp-content\/themes\/vasquez-abogados\/images\/clientes\/08.jpg\" alt=\"\" width=\"278\" height=\"60\" \/><\/p>\n<\/div>\n<div class=\"col-md-4\"><p> Gra\u00f1a y Montero Lima \u2013 GML S.A.<img loading=\"lazy\" decoding=\"async\" src=\"https:\/\/vasquezabogados.com\/estudio\/wp-content\/themes\/vasquez-abogados\/images\/clientes\/09.jpg\" alt=\"\" width=\"278\" height=\"60\" \/><\/p>\n<\/div>\n<hr class=\"divider\">\n<div class=\"col-md-4\"><p> Grupo SANDOVAL -TALMA .<img loading=\"lazy\" decoding=\"async\" src=\"https:\/\/vasquezabogados.com\/estudio\/wp-content\/themes\/vasquez-abogados\/images\/clientes\/10.jpg\" alt=\"\" width=\"278\" height=\"60\" \/><\/p>\n<\/div>\n<div class=\"col-md-4\"><p> \u00a0Inspectorate Griffith Peru S.A. <img loading=\"lazy\" decoding=\"async\" src=\"https:\/\/vasquezabogados.com\/estudio\/wp-content\/themes\/vasquez-abogados\/images\/clientes\/11.jpg\" alt=\"\" width=\"278\" height=\"60\" \/><\/p>\n<\/div>\n<div class=\"col-md-4\"><p> LG Electronics Peru S.A.\u00a0 <a href=\"https:\/\/vasquezabogados.com\/estudio\/wp-content\/uploads\/2016\/03\/LG_LOGO_NEW.jpg\" rel=\"attachment wp-att-809\"><img loading=\"lazy\" decoding=\"async\" class=\"alignnone wp-image-809 size-medium\" src=\"https:\/\/vasquezabogados.com\/estudio\/wp-content\/uploads\/2016\/03\/LG_LOGO_NEW-300x135.jpg\" alt=\"LG_LOGO_NEW\" width=\"300\" height=\"135\" srcset=\"https:\/\/vasquezabogados.com\/estudio\/wp-content\/uploads\/2016\/03\/LG_LOGO_NEW-300x135.jpg 300w, https:\/\/vasquezabogados.com\/estudio\/wp-content\/uploads\/2016\/03\/LG_LOGO_NEW-768x345.jpg 768w, https:\/\/vasquezabogados.com\/estudio\/wp-content\/uploads\/2016\/03\/LG_LOGO_NEW-1024x461.jpg 1024w, https:\/\/vasquezabogados.com\/estudio\/wp-content\/uploads\/2016\/03\/LG_LOGO_NEW-189x85.jpg 189w, https:\/\/vasquezabogados.com\/estudio\/wp-content\/uploads\/2016\/03\/LG_LOGO_NEW-260x117.jpg 260w, https:\/\/vasquezabogados.com\/estudio\/wp-content\/uploads\/2016\/03\/LG_LOGO_NEW-406x183.jpg 406w, https:\/\/vasquezabogados.com\/estudio\/wp-content\/uploads\/2016\/03\/LG_LOGO_NEW.jpg 1592w\" sizes=\"auto, (max-width: 300px) 100vw, 300px\" \/><\/a><\/p>\n<\/div>\n<hr class=\"divider\">\n<div class=\"col-md-4\"><p> Minera Colibr\u00ed S.A.C..\u00a0 <a href=\"https:\/\/vasquezabogados.com\/estudio\/wp-content\/uploads\/2016\/03\/LG_LOGO_NEW.jpg\" rel=\"attachment wp-att-809\"><img loading=\"lazy\" decoding=\"async\" src=\"https:\/\/vasquezabogados.com\/estudio\/wp-content\/themes\/vasquez-abogados\/images\/clientes\/12.jpg\" alt=\"\" width=\"278\" height=\"60\" \/><\/a><\/p>\n<\/div>\n<div class=\"col-md-4\"><p> Organizaci\u00f3n Educativa Trilce. <img loading=\"lazy\" decoding=\"async\" src=\"https:\/\/vasquezabogados.com\/estudio\/wp-content\/themes\/vasquez-abogados\/images\/clientes\/13.jpg\" alt=\"\" width=\"278\" height=\"60\" \/>\u00a0<\/p>\n<\/div>\n<div class=\"col-md-4\"><p> Packaging Products del Per\u00fa S.A.<img loading=\"lazy\" decoding=\"async\" src=\"https:\/\/vasquezabogados.com\/estudio\/wp-content\/themes\/vasquez-abogados\/images\/clientes\/14.jpg\" alt=\"\" width=\"278\" height=\"60\" \/>.\u00a0 <\/p>\n<\/div>\n<hr class=\"divider\">\n<div class=\"col-md-4\"><p> Petrocorp S.A. <img loading=\"lazy\" decoding=\"async\" src=\"https:\/\/vasquezabogados.com\/estudio\/wp-content\/themes\/vasquez-abogados\/images\/clientes\/15.jpg\" alt=\"\" width=\"278\" height=\"60\" \/>\u00a0<\/p>\n<\/div>\n<div class=\"col-md-4\"><p> Procesos de Medios de Pagos S.A.\u00a0<a href=\"https:\/\/vasquezabogados.com\/estudio\/wp-content\/uploads\/2016\/03\/LG_LOGO_NEW.jpg\" rel=\"attachment wp-att-809\"><img loading=\"lazy\" decoding=\"async\" src=\"https:\/\/vasquezabogados.com\/estudio\/wp-content\/themes\/vasquez-abogados\/images\/clientes\/17.jpg\" alt=\"\" width=\"278\" height=\"60\" \/><\/a><\/p>\n<\/div>\n<div class=\"col-md-4\"><p>\u00a0ROTOPLAS \u00a0 \u00a0 \u00a0<a href=\"https:\/\/vasquezabogados.com\/estudio\/wp-content\/uploads\/2016\/03\/x.png\" rel=\"attachment wp-att-810\"><img loading=\"lazy\" decoding=\"async\" class=\"alignnone wp-image-810 size-medium\" src=\"https:\/\/vasquezabogados.com\/estudio\/wp-content\/uploads\/2016\/03\/x-300x131.png\" alt=\"x\" width=\"300\" height=\"131\" srcset=\"https:\/\/vasquezabogados.com\/estudio\/wp-content\/uploads\/2016\/03\/x-300x131.png 300w, https:\/\/vasquezabogados.com\/estudio\/wp-content\/uploads\/2016\/03\/x-189x83.png 189w, https:\/\/vasquezabogados.com\/estudio\/wp-content\/uploads\/2016\/03\/x-260x114.png 260w, https:\/\/vasquezabogados.com\/estudio\/wp-content\/uploads\/2016\/03\/x.png 356w\" sizes=\"auto, (max-width: 300px) 100vw, 300px\" \/><\/a> <\/p>\n<\/div>\n<hr class=\"divider\">\n<div class=\"col-md-4\"><p> SECREX \u2013 Seguros de Cr\u00e9ditos y Garant\u00eda<img loading=\"lazy\" decoding=\"async\" src=\"https:\/\/vasquezabogados.com\/estudio\/wp-content\/themes\/vasquez-abogados\/images\/clientes\/18.jpg\" alt=\"\" width=\"278\" height=\"60\" \/>\u00a0s \u00a0\u00a0<\/p>\n<\/div>\n<p style=\"text-align: center;\"><div class=\"col-md-4\"><p> Supermercados Peruanos S.A.<\/p>\n<p style=\"text-align: center;\">(Plaza Vea \u2013 Vivanda \u2013 San Jorge).<img loading=\"lazy\" decoding=\"async\" src=\"https:\/\/vasquezabogados.com\/estudio\/wp-content\/themes\/vasquez-abogados\/images\/clientes\/19.jpg\" alt=\"\" width=\"278\" height=\"60\" \/><\/p>\n<\/div>\n<div class=\"col-md-4\"><p> Tecna PERU S.A.C.\u00a0\u00a0 <a href=\"https:\/\/vasquezabogados.com\/estudio\/wp-content\/uploads\/2016\/03\/LG_LOGO_NEW.jpg\" rel=\"attachment wp-att-809\"><img loading=\"lazy\" decoding=\"async\" class=\"alignnone size-thumbnail wp-image-811\" src=\"https:\/\/vasquezabogados.com\/estudio\/wp-content\/uploads\/2016\/03\/2-150x80.png\" alt=\"2\" width=\"150\" height=\"80\" \/><\/a><\/p>\n<\/div>\n<hr class=\"divider\">\n<div class=\"col-md-4\"><p> UNIMAQ S.A. \u00a0<img loading=\"lazy\" decoding=\"async\" style=\"line-height: 1.5;\" src=\"https:\/\/vasquezabogados.com\/estudio\/wp-content\/themes\/vasquez-abogados\/images\/clientes\/20.jpg\" alt=\"\" width=\"278\" height=\"60\" \/><span style=\"line-height: 1.5;\"><\/p>\n<\/div><\/span><\/p>\n<div class=\"col-md-4\"><p> Xylem Water Solutions Per\u00fa S.A<img loading=\"lazy\" decoding=\"async\" style=\"line-height: 1.5;\" src=\"https:\/\/vasquezabogados.com\/estudio\/wp-content\/themes\/vasquez-abogados\/images\/clientes\/21.jpg\" alt=\"\" width=\"278\" height=\"60\" \/><span style=\"line-height: 1.5;\">.<\/span><span style=\"line-height: 1.5;\"><\/p>\n<\/div><\/span><\/p>\n<hr class=\"divider\">\n<h3>SECTOR P\u00daBLICO<\/h3>\n<p>&nbsp;<\/p>\n<p>&nbsp;<\/p>\n<div class=\"col-md-4\"><p> Gobierno Regional del Callao. \u00a0<img loading=\"lazy\" decoding=\"async\" src=\"https:\/\/vasquezabogados.com\/estudio\/wp-content\/themes\/vasquez-abogados\/images\/clientes\/22.jpg\" alt=\"\" width=\"278\" height=\"60\" \/><span style=\"line-height: 1.5;\"><\/p>\n<\/div><\/span><\/p>\n<div class=\"col-md-4\"><p> Hospital de Emergencias Casimiro Ulloa \u00a0<span style=\"line-height: 1.5;\"><img loading=\"lazy\" decoding=\"async\" src=\"https:\/\/vasquezabogados.com\/estudio\/wp-content\/themes\/vasquez-abogados\/images\/clientes\/23.jpg\" alt=\"\" width=\"278\" height=\"60\" \/><\/p>\n<\/div><\/span><\/p>\n<div class=\"col-md-4\"><p> INDECOPI<img loading=\"lazy\" decoding=\"async\" src=\"https:\/\/vasquezabogados.com\/estudio\/wp-content\/themes\/vasquez-abogados\/images\/clientes\/24.jpg\" alt=\"\" width=\"278\" height=\"60\" \/> \u00a0<span style=\"line-height: 1.5;\"><\/p>\n<\/div><\/span><\/p>\n<hr class=\"divider\">\n<div class=\"col-md-4\"><p> Municipalidad de Miraflores\u00a0<img loading=\"lazy\" decoding=\"async\" src=\"https:\/\/vasquezabogados.com\/estudio\/wp-content\/themes\/vasquez-abogados\/images\/clientes\/25.jpg\" alt=\"\" width=\"278\" height=\"60\" \/>\u00a0<span style=\"line-height: 1.5;\"><\/p>\n<\/div><\/span><\/p>\n<div class=\"col-md-4\"><p> Municipalidad de San Miguel \u00a0<img loading=\"lazy\" decoding=\"async\" src=\"https:\/\/vasquezabogados.com\/estudio\/wp-content\/themes\/vasquez-abogados\/images\/clientes\/26.jpg\" alt=\"\" width=\"278\" height=\"60\" \/><span style=\"line-height: 1.5;\"><\/p>\n<\/div><\/span><\/p>\n<hr class=\"divider\">\n","protected":false},"excerpt":{"rendered":"<p>La lista muestra algunos de los clientes atendidos por nosotros &nbsp; &nbsp; SECTOR PRIVADO &nbsp; &nbsp; SECTOR P\u00daBLICO &nbsp; &nbsp;<\/p>\n","protected":false},"author":1,"featured_media":0,"parent":9,"menu_order":0,"comment_status":"open","ping_status":"open","template":"","meta":{"footnotes":""},"class_list":["post-2","page","type-page","status-publish","hentry"],"yoast_head":"<!-- This site is optimized with the Yoast SEO plugin v27.5 - https:\/\/yoast.com\/product\/yoast-seo-wordpress\/ -->\n<title>Clientes &#8211; Vasquez I Tafur Abogados &#8211;<\/title>\n<meta name=\"robots\" content=\"index, follow, max-snippet:-1, max-image-preview:large, max-video-preview:-1\" \/>\n<link rel=\"canonical\" href=\"https:\/\/vasquezabogados.com\/estudio\/estudio-de-abogados-penal-lima-abogado-penalista\/about\/\" \/>\n<meta property=\"og:locale\" content=\"es_ES\" \/>\n<meta property=\"og:type\" content=\"article\" \/>\n<meta property=\"og:title\" content=\"Clientes &#8211; Vasquez I Tafur Abogados &#8211;\" \/>\n<meta property=\"og:description\" content=\"La lista muestra algunos de los clientes atendidos por nosotros &nbsp; &nbsp; SECTOR PRIVADO &nbsp; &nbsp; SECTOR P\u00daBLICO &nbsp; &nbsp;\" \/>\n<meta property=\"og:url\" content=\"https:\/\/vasquezabogados.com\/estudio\/estudio-de-abogados-penal-lima-abogado-penalista\/about\/\" \/>\n<meta property=\"og:site_name\" content=\"Vasquez I Tafur Abogados\" \/>\n<meta property=\"article:publisher\" content=\"https:\/\/www.facebook.com\/VASQUEZ-TAFUR-Abogados-244262572262476\" \/>\n<meta property=\"article:modified_time\" content=\"2016-04-08T04:32:46+00:00\" \/>\n<meta property=\"og:image\" content=\"http:\/\/vasquezabogados.com\/estudio\/wp-content\/themes\/vasquez-abogados\/images\/clientes\/01.jpg\" \/>\n<meta name=\"twitter:card\" content=\"summary_large_image\" \/>\n<meta name=\"twitter:label1\" content=\"Tiempo de lectura\" \/>\n\t<meta name=\"twitter:data1\" content=\"2 minutos\" \/>\n<script type=\"application\/ld+json\" class=\"yoast-schema-graph\">{\"@context\":\"https:\\\/\\\/schema.org\",\"@graph\":[{\"@type\":\"WebPage\",\"@id\":\"https:\\\/\\\/vasquezabogados.com\\\/estudio\\\/estudio-de-abogados-penal-lima-abogado-penalista\\\/about\\\/\",\"url\":\"https:\\\/\\\/vasquezabogados.com\\\/estudio\\\/estudio-de-abogados-penal-lima-abogado-penalista\\\/about\\\/\",\"name\":\"Clientes &#8211; Vasquez I Tafur Abogados &#8211;\",\"isPartOf\":{\"@id\":\"https:\\\/\\\/vasquezabogados.com\\\/estudio\\\/#website\"},\"primaryImageOfPage\":{\"@id\":\"https:\\\/\\\/vasquezabogados.com\\\/estudio\\\/estudio-de-abogados-penal-lima-abogado-penalista\\\/about\\\/#primaryimage\"},\"image\":{\"@id\":\"https:\\\/\\\/vasquezabogados.com\\\/estudio\\\/estudio-de-abogados-penal-lima-abogado-penalista\\\/about\\\/#primaryimage\"},\"thumbnailUrl\":\"http:\\\/\\\/vasquezabogados.com\\\/estudio\\\/wp-content\\\/themes\\\/vasquez-abogados\\\/images\\\/clientes\\\/01.jpg\",\"datePublished\":\"2016-03-26T08:33:57+00:00\",\"dateModified\":\"2016-04-08T04:32:46+00:00\",\"breadcrumb\":{\"@id\":\"https:\\\/\\\/vasquezabogados.com\\\/estudio\\\/estudio-de-abogados-penal-lima-abogado-penalista\\\/about\\\/#breadcrumb\"},\"inLanguage\":\"es\",\"potentialAction\":[{\"@type\":\"ReadAction\",\"target\":[\"https:\\\/\\\/vasquezabogados.com\\\/estudio\\\/estudio-de-abogados-penal-lima-abogado-penalista\\\/about\\\/\"]}]},{\"@type\":\"ImageObject\",\"inLanguage\":\"es\",\"@id\":\"https:\\\/\\\/vasquezabogados.com\\\/estudio\\\/estudio-de-abogados-penal-lima-abogado-penalista\\\/about\\\/#primaryimage\",\"url\":\"http:\\\/\\\/vasquezabogados.com\\\/estudio\\\/wp-content\\\/themes\\\/vasquez-abogados\\\/images\\\/clientes\\\/01.jpg\",\"contentUrl\":\"http:\\\/\\\/vasquezabogados.com\\\/estudio\\\/wp-content\\\/themes\\\/vasquez-abogados\\\/images\\\/clientes\\\/01.jpg\"},{\"@type\":\"BreadcrumbList\",\"@id\":\"https:\\\/\\\/vasquezabogados.com\\\/estudio\\\/estudio-de-abogados-penal-lima-abogado-penalista\\\/about\\\/#breadcrumb\",\"itemListElement\":[{\"@type\":\"ListItem\",\"position\":1,\"name\":\"Portada\",\"item\":\"https:\\\/\\\/vasquezabogados.com\\\/estudio\\\/\"},{\"@type\":\"ListItem\",\"position\":2,\"name\":\"HOME\",\"item\":\"https:\\\/\\\/vasquezabogados.com\\\/estudio\\\/\"},{\"@type\":\"ListItem\",\"position\":3,\"name\":\"Clientes\"}]},{\"@type\":\"WebSite\",\"@id\":\"https:\\\/\\\/vasquezabogados.com\\\/estudio\\\/#website\",\"url\":\"https:\\\/\\\/vasquezabogados.com\\\/estudio\\\/\",\"name\":\"Vasquez I Tafur Abogados\",\"description\":\"\",\"potentialAction\":[{\"@type\":\"SearchAction\",\"target\":{\"@type\":\"EntryPoint\",\"urlTemplate\":\"https:\\\/\\\/vasquezabogados.com\\\/estudio\\\/?s={search_term_string}\"},\"query-input\":{\"@type\":\"PropertyValueSpecification\",\"valueRequired\":true,\"valueName\":\"search_term_string\"}}],\"inLanguage\":\"es\"}]}<\/script>\n<!-- \/ Yoast SEO plugin. -->","yoast_head_json":{"title":"Clientes &#8211; Vasquez I Tafur Abogados &#8211;","robots":{"index":"index","follow":"follow","max-snippet":"max-snippet:-1","max-image-preview":"max-image-preview:large","max-video-preview":"max-video-preview:-1"},"canonical":"https:\/\/vasquezabogados.com\/estudio\/estudio-de-abogados-penal-lima-abogado-penalista\/about\/","og_locale":"es_ES","og_type":"article","og_title":"Clientes &#8211; Vasquez I Tafur Abogados &#8211;","og_description":"La lista muestra algunos de los clientes atendidos por nosotros &nbsp; &nbsp; SECTOR PRIVADO &nbsp; &nbsp; SECTOR P\u00daBLICO &nbsp; &nbsp;","og_url":"https:\/\/vasquezabogados.com\/estudio\/estudio-de-abogados-penal-lima-abogado-penalista\/about\/","og_site_name":"Vasquez I Tafur Abogados","article_publisher":"https:\/\/www.facebook.com\/VASQUEZ-TAFUR-Abogados-244262572262476","article_modified_time":"2016-04-08T04:32:46+00:00","og_image":[{"url":"http:\/\/vasquezabogados.com\/estudio\/wp-content\/themes\/vasquez-abogados\/images\/clientes\/01.jpg","type":"","width":"","height":""}],"twitter_card":"summary_large_image","twitter_misc":{"Tiempo de lectura":"2 minutos"},"schema":{"@context":"https:\/\/schema.org","@graph":[{"@type":"WebPage","@id":"https:\/\/vasquezabogados.com\/estudio\/estudio-de-abogados-penal-lima-abogado-penalista\/about\/","url":"https:\/\/vasquezabogados.com\/estudio\/estudio-de-abogados-penal-lima-abogado-penalista\/about\/","name":"Clientes &#8211; Vasquez I Tafur Abogados &#8211;","isPartOf":{"@id":"https:\/\/vasquezabogados.com\/estudio\/#website"},"primaryImageOfPage":{"@id":"https:\/\/vasquezabogados.com\/estudio\/estudio-de-abogados-penal-lima-abogado-penalista\/about\/#primaryimage"},"image":{"@id":"https:\/\/vasquezabogados.com\/estudio\/estudio-de-abogados-penal-lima-abogado-penalista\/about\/#primaryimage"},"thumbnailUrl":"http:\/\/vasquezabogados.com\/estudio\/wp-content\/themes\/vasquez-abogados\/images\/clientes\/01.jpg","datePublished":"2016-03-26T08:33:57+00:00","dateModified":"2016-04-08T04:32:46+00:00","breadcrumb":{"@id":"https:\/\/vasquezabogados.com\/estudio\/estudio-de-abogados-penal-lima-abogado-penalista\/about\/#breadcrumb"},"inLanguage":"es","potentialAction":[{"@type":"ReadAction","target":["https:\/\/vasquezabogados.com\/estudio\/estudio-de-abogados-penal-lima-abogado-penalista\/about\/"]}]},{"@type":"ImageObject","inLanguage":"es","@id":"https:\/\/vasquezabogados.com\/estudio\/estudio-de-abogados-penal-lima-abogado-penalista\/about\/#primaryimage","url":"http:\/\/vasquezabogados.com\/estudio\/wp-content\/themes\/vasquez-abogados\/images\/clientes\/01.jpg","contentUrl":"http:\/\/vasquezabogados.com\/estudio\/wp-content\/themes\/vasquez-abogados\/images\/clientes\/01.jpg"},{"@type":"BreadcrumbList","@id":"https:\/\/vasquezabogados.com\/estudio\/estudio-de-abogados-penal-lima-abogado-penalista\/about\/#breadcrumb","itemListElement":[{"@type":"ListItem","position":1,"name":"Portada","item":"https:\/\/vasquezabogados.com\/estudio\/"},{"@type":"ListItem","position":2,"name":"HOME","item":"https:\/\/vasquezabogados.com\/estudio\/"},{"@type":"ListItem","position":3,"name":"Clientes"}]},{"@type":"WebSite","@id":"https:\/\/vasquezabogados.com\/estudio\/#website","url":"https:\/\/vasquezabogados.com\/estudio\/","name":"Vasquez I Tafur Abogados","description":"","potentialAction":[{"@type":"SearchAction","target":{"@type":"EntryPoint","urlTemplate":"https:\/\/vasquezabogados.com\/estudio\/?s={search_term_string}"},"query-input":{"@type":"PropertyValueSpecification","valueRequired":true,"valueName":"search_term_string"}}],"inLanguage":"es"}]}},"_links":{"self":[{"href":"https:\/\/vasquezabogados.com\/estudio\/wp-json\/wp\/v2\/pages\/2","targetHints":{"allow":["GET"]}}],"collection":[{"href":"https:\/\/vasquezabogados.com\/estudio\/wp-json\/wp\/v2\/pages"}],"about":[{"href":"https:\/\/vasquezabogados.com\/estudio\/wp-json\/wp\/v2\/types\/page"}],"author":[{"embeddable":true,"href":"https:\/\/vasquezabogados.com\/estudio\/wp-json\/wp\/v2\/users\/1"}],"replies":[{"embeddable":true,"href":"https:\/\/vasquezabogados.com\/estudio\/wp-json\/wp\/v2\/comments?post=2"}],"version-history":[{"count":33,"href":"https:\/\/vasquezabogados.com\/estudio\/wp-json\/wp\/v2\/pages\/2\/revisions"}],"predecessor-version":[{"id":819,"href":"https:\/\/vasquezabogados.com\/estudio\/wp-json\/wp\/v2\/pages\/2\/revisions\/819"}],"up":[{"embeddable":true,"href":"https:\/\/vasquezabogados.com\/estudio\/wp-json\/wp\/v2\/pages\/9"}],"wp:attachment":[{"href":"https:\/\/vasquezabogados.com\/estudio\/wp-json\/wp\/v2\/media?parent=2"}],"curies":[{"name":"wp","href":"https:\/\/api.w.org\/{rel}","templated":true}]}}