{"id":1240,"date":"2016-04-26T13:34:05","date_gmt":"2016-04-26T13:34:05","guid":{"rendered":"http:\/\/vasquezabogados.com\/estudio\/?page_id=1240"},"modified":"2016-04-28T23:32:36","modified_gmt":"2016-04-28T23:32:36","slug":"casos-resueltos","status":"publish","type":"page","link":"https:\/\/vasquezabogados.com\/estudio\/casos-resueltos\/","title":{"rendered":"Casos Resueltos"},"content":{"rendered":"<p>Algunos de los casos resueltos,\u00a0Asumimos el compromiso de no publicar \u00a0la identidad de las personas y empresas \u00a0involucradas.<\/p>\n<hr class=\"divider\">\n<p style=\"text-align: justify;\"> <i class=\"fa fa-hospital-o fa-4x\" aria-hidden=\"true\"><\/i> Se someti\u00f3 a nuestra consulta el caso de una paciente que hab\u00eda sido atendida por un reconocido y publicitado centro de est\u00e9tica especializado en cabello y piel. La paciente hab\u00eda sido sometida a tratamientos de l\u00e1ser para corregir secuelas\u00a0 visibles de acn\u00e9 en la cara.\u00a0 La m\u00e9dico \u00a0encargada del tratamiento, al parecer por falta de capacidad en el manejo de los equipos,\u00a0\u00a0 expuso mucho tiempo\u00a0 el rostro de la paciente a los rayos l\u00e1ser, lo que al cabo de algunos d\u00edas le gener\u00f3 una zona visiblemente enrojecida.<\/p>\n<p style=\"text-align: justify;\">La paciente\u00a0 recurri\u00f3 a varios otros centros de atenci\u00f3n est\u00e9tica para tratar de corregir el problema, habiendo logrado reducir considerablemente la secuela dejada, lo que se convirti\u00f3 en un problema para la demostraci\u00f3n de\u00a0 la lesi\u00f3n que el empleo indebido del equipo laser hab\u00eda generado.<\/p>\n<p style=\"text-align: justify;\">Nuestros abogados,\u00a0 revisaron y levantaron conjuntamente con la paciente toda la documentaci\u00f3n posible que permita lograr, \u00a0aunque\u00a0 sea de manera indirecta la prueba sobre la lesi\u00f3n\u00a0 y la fecha de la misma, llevando al centro\u00a0 est\u00e9tico y a los m\u00e9dicos responsables a\u00a0 una audiencia de conciliaci\u00f3n, donde se lleg\u00f3 a un acuerdo\u00a0 econ\u00f3mico satisfactorio para nuestra cliente.<\/p>\n<hr class=\"divider\">\n<p style=\"text-align: justify;\"> <i class=\"fa fa-user-md fa-4x\" aria-hidden=\"true \"><\/i>  Una cadena de cl\u00ednicas de Lima con puntos de atenci\u00f3n en varios distritos de,\u00a0 ante\u00a0 el repentino\u00a0 \u00a0sangrado y dolor en hipogastrio de nuestra cliente que ten\u00eda ocho semanas de embarazo,\u00a0 realiz\u00f3\u00a0 en una de sus puntos de atenci\u00f3n el\u00a0 examen de ecograf\u00eda para establecer\u00a0 el estado del feto. \u00a0El diagn\u00f3stico del m\u00e9dico especialista fue: ABORTO RETENIDO prescribiendo la realizaci\u00f3n del legrado.<\/p>\n<p style=\"text-align: justify;\">Destrozada la madre y su esposo frente a tan inesperada noticia, atinaron a\u00a0 hacer una nueva tomograf\u00eda en un centro m\u00e9dico \u00a0de menor prestigio, sin embrago el resultado\u00a0 del examen\u00a0 devolvi\u00f3 a la pareja de esposos la esperanza. El feto se encontraba vivo y meses despu\u00e9s naci\u00f3.<\/p>\n<p style=\"text-align: justify;\">Los padres de la criatura interesados en resarcirse el da\u00f1o moral que sufrieron\u00a0 decidieron por nuestros servicios. La cl\u00ednica en los primeros intentos de acercamiento dio explicaciones para justificar\u00a0 lo sucedido sin reconocer ninguna responsabilidad, llevando a la cl\u00ednica a una audiencia de conciliaci\u00f3n donde acordaron pagar a nuestro clientes una suma razonable para compensar el da\u00f1o moral generado.<\/p>\n<p>&nbsp;<\/p>\n","protected":false},"excerpt":{"rendered":"<p>Algunos de los casos resueltos,\u00a0Asumimos el compromiso de no publicar \u00a0la identidad de las personas y empresas \u00a0involucradas. Se someti\u00f3 a nuestra consulta el caso de una paciente que hab\u00eda sido atendida por un reconocido y publicitado centro de est\u00e9tica especializado en cabello y piel. La paciente hab\u00eda sido sometida a tratamientos de l\u00e1ser para [&hellip;]<\/p>\n","protected":false},"author":1,"featured_media":0,"parent":0,"menu_order":0,"comment_status":"closed","ping_status":"closed","template":"","meta":{"footnotes":""},"class_list":["post-1240","page","type-page","status-publish","hentry"],"yoast_head":"<!-- This site is optimized with the Yoast SEO plugin v27.5 - https:\/\/yoast.com\/product\/yoast-seo-wordpress\/ -->\n<title>Casos Resueltos &#8211; Vasquez I Tafur Abogados &#8211;<\/title>\n<meta name=\"robots\" content=\"index, follow, max-snippet:-1, max-image-preview:large, max-video-preview:-1\" \/>\n<link rel=\"canonical\" href=\"https:\/\/vasquezabogados.com\/estudio\/casos-resueltos\/\" \/>\n<meta property=\"og:locale\" content=\"es_ES\" \/>\n<meta property=\"og:type\" content=\"article\" \/>\n<meta property=\"og:title\" content=\"Casos Resueltos &#8211; Vasquez I Tafur Abogados &#8211;\" \/>\n<meta property=\"og:description\" content=\"Algunos de los casos resueltos,\u00a0Asumimos el compromiso de no publicar \u00a0la identidad de las personas y empresas \u00a0involucradas. Se someti\u00f3 a nuestra consulta el caso de una paciente que hab\u00eda sido atendida por un reconocido y publicitado centro de est\u00e9tica especializado en cabello y piel. La paciente hab\u00eda sido sometida a tratamientos de l\u00e1ser para [&hellip;]\" \/>\n<meta property=\"og:url\" content=\"https:\/\/vasquezabogados.com\/estudio\/casos-resueltos\/\" \/>\n<meta property=\"og:site_name\" content=\"Vasquez I Tafur Abogados\" \/>\n<meta property=\"article:publisher\" content=\"https:\/\/www.facebook.com\/VASQUEZ-TAFUR-Abogados-244262572262476\" \/>\n<meta property=\"article:modified_time\" content=\"2016-04-28T23:32:36+00:00\" \/>\n<meta name=\"twitter:card\" content=\"summary_large_image\" \/>\n<meta name=\"twitter:label1\" content=\"Tiempo de lectura\" \/>\n\t<meta name=\"twitter:data1\" content=\"2 minutos\" \/>\n<script type=\"application\/ld+json\" class=\"yoast-schema-graph\">{\"@context\":\"https:\\\/\\\/schema.org\",\"@graph\":[{\"@type\":\"WebPage\",\"@id\":\"https:\\\/\\\/vasquezabogados.com\\\/estudio\\\/casos-resueltos\\\/\",\"url\":\"https:\\\/\\\/vasquezabogados.com\\\/estudio\\\/casos-resueltos\\\/\",\"name\":\"Casos Resueltos &#8211; Vasquez I Tafur Abogados &#8211;\",\"isPartOf\":{\"@id\":\"https:\\\/\\\/vasquezabogados.com\\\/estudio\\\/#website\"},\"datePublished\":\"2016-04-26T13:34:05+00:00\",\"dateModified\":\"2016-04-28T23:32:36+00:00\",\"breadcrumb\":{\"@id\":\"https:\\\/\\\/vasquezabogados.com\\\/estudio\\\/casos-resueltos\\\/#breadcrumb\"},\"inLanguage\":\"es\",\"potentialAction\":[{\"@type\":\"ReadAction\",\"target\":[\"https:\\\/\\\/vasquezabogados.com\\\/estudio\\\/casos-resueltos\\\/\"]}]},{\"@type\":\"BreadcrumbList\",\"@id\":\"https:\\\/\\\/vasquezabogados.com\\\/estudio\\\/casos-resueltos\\\/#breadcrumb\",\"itemListElement\":[{\"@type\":\"ListItem\",\"position\":1,\"name\":\"Portada\",\"item\":\"https:\\\/\\\/vasquezabogados.com\\\/estudio\\\/\"},{\"@type\":\"ListItem\",\"position\":2,\"name\":\"Casos Resueltos\"}]},{\"@type\":\"WebSite\",\"@id\":\"https:\\\/\\\/vasquezabogados.com\\\/estudio\\\/#website\",\"url\":\"https:\\\/\\\/vasquezabogados.com\\\/estudio\\\/\",\"name\":\"Vasquez I Tafur Abogados\",\"description\":\"\",\"potentialAction\":[{\"@type\":\"SearchAction\",\"target\":{\"@type\":\"EntryPoint\",\"urlTemplate\":\"https:\\\/\\\/vasquezabogados.com\\\/estudio\\\/?s={search_term_string}\"},\"query-input\":{\"@type\":\"PropertyValueSpecification\",\"valueRequired\":true,\"valueName\":\"search_term_string\"}}],\"inLanguage\":\"es\"}]}<\/script>\n<!-- \/ Yoast SEO plugin. -->","yoast_head_json":{"title":"Casos Resueltos &#8211; Vasquez I Tafur Abogados &#8211;","robots":{"index":"index","follow":"follow","max-snippet":"max-snippet:-1","max-image-preview":"max-image-preview:large","max-video-preview":"max-video-preview:-1"},"canonical":"https:\/\/vasquezabogados.com\/estudio\/casos-resueltos\/","og_locale":"es_ES","og_type":"article","og_title":"Casos Resueltos &#8211; Vasquez I Tafur Abogados &#8211;","og_description":"Algunos de los casos resueltos,\u00a0Asumimos el compromiso de no publicar \u00a0la identidad de las personas y empresas \u00a0involucradas. Se someti\u00f3 a nuestra consulta el caso de una paciente que hab\u00eda sido atendida por un reconocido y publicitado centro de est\u00e9tica especializado en cabello y piel. La paciente hab\u00eda sido sometida a tratamientos de l\u00e1ser para [&hellip;]","og_url":"https:\/\/vasquezabogados.com\/estudio\/casos-resueltos\/","og_site_name":"Vasquez I Tafur Abogados","article_publisher":"https:\/\/www.facebook.com\/VASQUEZ-TAFUR-Abogados-244262572262476","article_modified_time":"2016-04-28T23:32:36+00:00","twitter_card":"summary_large_image","twitter_misc":{"Tiempo de lectura":"2 minutos"},"schema":{"@context":"https:\/\/schema.org","@graph":[{"@type":"WebPage","@id":"https:\/\/vasquezabogados.com\/estudio\/casos-resueltos\/","url":"https:\/\/vasquezabogados.com\/estudio\/casos-resueltos\/","name":"Casos Resueltos &#8211; Vasquez I Tafur Abogados &#8211;","isPartOf":{"@id":"https:\/\/vasquezabogados.com\/estudio\/#website"},"datePublished":"2016-04-26T13:34:05+00:00","dateModified":"2016-04-28T23:32:36+00:00","breadcrumb":{"@id":"https:\/\/vasquezabogados.com\/estudio\/casos-resueltos\/#breadcrumb"},"inLanguage":"es","potentialAction":[{"@type":"ReadAction","target":["https:\/\/vasquezabogados.com\/estudio\/casos-resueltos\/"]}]},{"@type":"BreadcrumbList","@id":"https:\/\/vasquezabogados.com\/estudio\/casos-resueltos\/#breadcrumb","itemListElement":[{"@type":"ListItem","position":1,"name":"Portada","item":"https:\/\/vasquezabogados.com\/estudio\/"},{"@type":"ListItem","position":2,"name":"Casos Resueltos"}]},{"@type":"WebSite","@id":"https:\/\/vasquezabogados.com\/estudio\/#website","url":"https:\/\/vasquezabogados.com\/estudio\/","name":"Vasquez I Tafur Abogados","description":"","potentialAction":[{"@type":"SearchAction","target":{"@type":"EntryPoint","urlTemplate":"https:\/\/vasquezabogados.com\/estudio\/?s={search_term_string}"},"query-input":{"@type":"PropertyValueSpecification","valueRequired":true,"valueName":"search_term_string"}}],"inLanguage":"es"}]}},"_links":{"self":[{"href":"https:\/\/vasquezabogados.com\/estudio\/wp-json\/wp\/v2\/pages\/1240","targetHints":{"allow":["GET"]}}],"collection":[{"href":"https:\/\/vasquezabogados.com\/estudio\/wp-json\/wp\/v2\/pages"}],"about":[{"href":"https:\/\/vasquezabogados.com\/estudio\/wp-json\/wp\/v2\/types\/page"}],"author":[{"embeddable":true,"href":"https:\/\/vasquezabogados.com\/estudio\/wp-json\/wp\/v2\/users\/1"}],"replies":[{"embeddable":true,"href":"https:\/\/vasquezabogados.com\/estudio\/wp-json\/wp\/v2\/comments?post=1240"}],"version-history":[{"count":33,"href":"https:\/\/vasquezabogados.com\/estudio\/wp-json\/wp\/v2\/pages\/1240\/revisions"}],"predecessor-version":[{"id":1313,"href":"https:\/\/vasquezabogados.com\/estudio\/wp-json\/wp\/v2\/pages\/1240\/revisions\/1313"}],"wp:attachment":[{"href":"https:\/\/vasquezabogados.com\/estudio\/wp-json\/wp\/v2\/media?parent=1240"}],"curies":[{"name":"wp","href":"https:\/\/api.w.org\/{rel}","templated":true}]}}